{"id":27,"date":"2019-10-26T16:46:24","date_gmt":"2019-10-26T14:46:24","guid":{"rendered":"http:\/\/validiot.de\/?page_id=27"},"modified":"2022-06-29T09:46:54","modified_gmt":"2022-06-29T07:46:54","slug":"impressum","status":"publish","type":"page","link":"https:\/\/fieldexpert.de\/index.php\/impressum\/","title":{"rendered":"Impressum"},"content":{"rendered":"\n<h4>Anschrift<\/h4>\nField-Expert GmbH<br>\nAlbert-Einstein-Str. 1<br>\nD-49076 Osnabr\u00fcck\n<h4>Kontakt<\/h4>\n<p>Telefonnummer: +49 541 \u2013 9153 8943<\/p>\n<p><img decoding=\"async\" src=\"http:\/\/field-expert.de\/images\/eMail-Info.png\" alt=\"eMail\" height=\"18px\"><\/p>\n<h4>Gesch\u00e4ftsf\u00fchrer und verantwortlich f\u00fcr den Inhalt<\/h4>\nDaniel Mentrup<br>\nDr. Stefan Hinck\n<p>&nbsp;<\/p>\n<h2>Disclaimer \u2013 rechtliche Hinweise:<\/h2>\n<h4>Haftungsbeschr\u00e4nkung<\/h4>\n<p>Die Inhalte des Internetauftritts wurden mit gr\u00f6\u00dftm\u00f6glicher Sorgfalt und nach bestem Gewissen erstellt. Dennoch \u00fcbernimmt der Anbieter dieser Webseite keine Gew\u00e4hr f\u00fcr die Aktualit\u00e4t, Vollst\u00e4ndigkeit und Richtigkeit der bereitgestellten Seiten und Inhalte.<\/p>\n<p>Als Diensteanbieter ist der Anbieter dieser Webseite gem\u00e4\u00df \u00a7 7 Abs. 1 TMG f\u00fcr eigene Inhalte und bereitgestellte Informationen auf diesen Seiten nach den allgemeinen Gesetzen verantwortlich; nach den \u00a7\u00a7 8 bis 10 TMG jedoch nicht verpflichtet, die \u00fcbermittelten oder gespeicherten fremden Informationen zu \u00fcberwachen. Eine Entfernung oder Sperrung dieser Inhalte erfolgt umgehend ab dem Zeitpunkt der Kenntnis einer konkreten Rechtsverletzung. Eine Haftung ist erst ab dem Zeitpunkt der Kenntniserlangung m\u00f6glich.<\/p>\n<h4>Externe Links<\/h4>\nDie Webseite enth\u00e4lt sog. \u201eexterne Links\u201c (Verlinkungen) zu anderen Webseiten, auf deren Inhalt der Anbieter der Webseite keinen Einfluss hat. Aus diesem Grund kann der Anbieter f\u00fcr diese Inhalte auch keine Gew\u00e4hr \u00fcbernehmen.<br>\nF\u00fcr die Inhalte und Richtigkeit der bereitgestellten Informationen ist der jeweilige Anbieter der verlinkten Webseite verantwortlich. Zum Zeitpunkt der Verlinkung waren keine Rechtsverst\u00f6\u00dfe erkennbar. Bei Bekanntwerden einer solchen Rechtsverletzung wird der Link umgehend entfernen.\n<h4>Urheberrecht\/Leistungsschutzrecht<\/h4>\n<p>Die auf dieser Webseite ver\u00f6ffentlichten Inhalte, Werke und bereitgestellten Informationen unterliegen dem deutschen Urheberrecht und Leistungsschutzrecht. Jede Art der Vervielf\u00e4ltigung, Bearbeitung, Verbreitung, Einspeicherung und jede Art der Verwertung au\u00dferhalb der Grenzen des Urheberrechts bedarf der vorherigen schriftlichen Zustimmung des jeweiligen Rechteinhabers. Das unerlaubte Kopieren\/Speichern der bereitgestellten Informationen auf diesen Webseiten ist nicht gestattet und strafbar.<\/p>\n<h4>Datenschutz<\/h4>\n<p>Durch den Besuch des Internetauftritts k\u00f6nnen Informationen (Datum, Uhrzeit, aufgerufene Seite) \u00fcber den Zugriff auf dem Server gespeichert werden. Es werden keine personenbezogenenen (z. B. Name, Anschrift oder E-Mail-Adresse) Daten, gespeichert.<\/p>\n<p>Sofern personenbezogene Daten erhoben werden, erfolgt dies, sofern m\u00f6glich, nur mit dem vorherigen Einverst\u00e4ndnis des Nutzers der Webseite. Eine Weitergabe der Daten an Dritte findet ohne ausdr\u00fcckliche Zustimmung des Nutzers nicht statt.<\/p>\n<p>Der Anbieter weist darauf hin, dass die \u00dcbertragung von Daten im Internet (z. B. per E-Mail) Sicherheitsl\u00fccken aufweisen und ein l\u00fcckenloser Schutz der Daten vor dem Zugriff Dritter nicht gew\u00e4hrleistet werden kann. Der Anbieter \u00fcbernimmt keine Haftung f\u00fcr die durch solche Sicherheitsl\u00fccken entstandenen Sch\u00e4den.<\/p>\nDer Verwendung der Kontaktdaten durch Dritte zur gewerblichen Nutzung wird ausdr\u00fccklich widersprochen. Es sei denn, der Anbieter hat zuvor seine schriftliche Einwilligung erteilt.<br>\nDer Anbieter beh\u00e4lt sich rechtliche Schritte f\u00fcr den Fall der unverlangten Zusendung von Werbeinformationen, z. B. durch Spam-Mails, vor.\n<p><i>Quelle:<\/i>&nbsp;<a href=\"http:\/\/www.mustervorlage.net\/disclaimer-muster\">Disclaimer-Muster<\/a><\/p>\n<h4>Hinweise zur Nutzung von Google Analytics<\/h4>\n<p>Diese Website benutzt Google Analytics, einen Webanalysedienst der Google Inc. (\u201dGoogle\u201d). Google Analytics verwendet sog. \u201cCookies\u201d, Textdateien, die auf Ihrem Computer gespeichert werden und die eine Analyse der Benutzung der Website durch Sie erm\u00f6glicht. Die durch den Cookie erzeugten Informationen \u00fcber Ihre Benutzung diese Website (einschlie\u00dflich Ihrer IP-Adresse) wird an einen Server von Google in den USA \u00fcbertragen und dort gespeichert. Google wird diese Informationen benutzen, um Ihre Nutzung der Website auszuwerten, um Reports \u00fcber die Websiteaktivit\u00e4ten f\u00fcr die Websitebetreiber zusammenzustellen und um weitere mit der Websitenutzung und der Internetnutzung verbundene Dienstleistungen zu erbringen. Auch wird Google diese Informationen gegebenenfalls an Dritte \u00fcbertragen, sofern dies gesetzlich vorgeschrieben oder soweit Dritte diese Daten im Auftrag von Google verarbeiten. Google wird in keinem Fall Ihre IP-Adresse mit anderen Daten der Google in Verbindung bringen. Sie k\u00f6nnen die Installation der Cookies durch eine entsprechende Einstellung Ihrer Browser Software verhindern. Durch die Nutzung dieser Website erkl\u00e4ren Sie sich mit der Bearbeitung der \u00fcber Sie erhobenen Daten durch Google in der zuvor beschriebenen Art und Weise und zu dem zuvor benannten Zweck einverstanden.<\/p>\n\u00a9 2015 Field Expert GmbH. All rights reserved.&nbsp;<a href=\"http:\/\/field-expert.de\/DE\/impressum.html\">Impressum<\/a>&nbsp;<a href=\"http:\/\/field-expert.de\/DE\/datenschutz.html\">Datenschutz<\/a>\n","protected":false},"excerpt":{"rendered":"<p>Anschrift Field-Expert GmbH Albert-Einstein-Str. 1 D-49076 Osnabr\u00fcck Kontakt Telefonnummer: +49 541 \u2013 9153 8943 Gesch\u00e4ftsf\u00fchrer und verantwortlich f\u00fcr den Inhalt Daniel Mentrup Dr. Stefan Hinck &nbsp; Disclaimer \u2013 rechtliche Hinweise: Haftungsbeschr\u00e4nkung Die Inhalte des Internetauftritts wurden mit gr\u00f6\u00dftm\u00f6glicher Sorgfalt und nach bestem Gewissen erstellt. Dennoch \u00fcbernimmt der Anbieter dieser Webseite keine Gew\u00e4hr f\u00fcr die Aktualit\u00e4t, &hellip;<\/p>\n<p class=\"read-more\"> <a class=\"\" href=\"https:\/\/fieldexpert.de\/index.php\/impressum\/\"> <span class=\"screen-reader-text\">Impressum<\/span> Weiterlesen &raquo;<\/a><\/p>\n","protected":false},"author":1,"featured_media":0,"parent":0,"menu_order":0,"comment_status":"closed","ping_status":"closed","template":"","meta":{"site-sidebar-layout":"default","site-content-layout":"default","ast-global-header-display":"","ast-main-header-display":"","ast-hfb-above-header-display":"","ast-hfb-below-header-display":"","ast-hfb-mobile-header-display":"","site-post-title":"","ast-breadcrumbs-content":"","ast-featured-img":"","footer-sml-layout":"","theme-transparent-header-meta":"default","adv-header-id-meta":"","stick-header-meta":"","header-above-stick-meta":"","header-main-stick-meta":"","header-below-stick-meta":""},"yoast_head":"<!-- This site is optimized with the Yoast SEO plugin v19.9 - https:\/\/yoast.com\/wordpress\/plugins\/seo\/ -->\n<title>Impressum - Field-Expert - Webl\u00f6sungen f\u00fcr digitalen Pflanzenbau - smart und einfach<\/title>\n<meta name=\"robots\" content=\"index, follow, max-snippet:-1, max-image-preview:large, max-video-preview:-1\" \/>\n<link rel=\"canonical\" href=\"https:\/\/fieldexpert.de\/index.php\/impressum\/\" \/>\n<meta property=\"og:locale\" content=\"de_DE\" \/>\n<meta property=\"og:type\" content=\"article\" \/>\n<meta property=\"og:title\" content=\"Impressum - Field-Expert - Webl\u00f6sungen f\u00fcr digitalen Pflanzenbau - smart und einfach\" \/>\n<meta property=\"og:description\" content=\"Anschrift Field-Expert GmbH Albert-Einstein-Str. 1 D-49076 Osnabr\u00fcck Kontakt Telefonnummer: +49 541 \u2013 9153 8943 Gesch\u00e4ftsf\u00fchrer und verantwortlich f\u00fcr den Inhalt Daniel Mentrup Dr. Stefan Hinck &nbsp; Disclaimer \u2013 rechtliche Hinweise: Haftungsbeschr\u00e4nkung Die Inhalte des Internetauftritts wurden mit gr\u00f6\u00dftm\u00f6glicher Sorgfalt und nach bestem Gewissen erstellt. Dennoch \u00fcbernimmt der Anbieter dieser Webseite keine Gew\u00e4hr f\u00fcr die Aktualit\u00e4t, &hellip; Impressum Weiterlesen &raquo;\" \/>\n<meta property=\"og:url\" content=\"https:\/\/fieldexpert.de\/index.php\/impressum\/\" \/>\n<meta property=\"og:site_name\" content=\"Field-Expert - Webl\u00f6sungen f\u00fcr digitalen Pflanzenbau - smart und einfach\" \/>\n<meta property=\"article:modified_time\" content=\"2022-06-29T07:46:54+00:00\" \/>\n<meta property=\"og:image\" content=\"http:\/\/field-expert.de\/images\/eMail-Info.png\" \/>\n<meta name=\"twitter:card\" content=\"summary_large_image\" \/>\n<meta name=\"twitter:label1\" content=\"Gesch\u00e4tzte Lesezeit\" \/>\n\t<meta name=\"twitter:data1\" content=\"3\u00a0Minuten\" \/>\n<script type=\"application\/ld+json\" class=\"yoast-schema-graph\">{\"@context\":\"https:\/\/schema.org\",\"@graph\":[{\"@type\":\"WebPage\",\"@id\":\"https:\/\/fieldexpert.de\/index.php\/impressum\/\",\"url\":\"https:\/\/fieldexpert.de\/index.php\/impressum\/\",\"name\":\"Impressum - Field-Expert - Webl\u00f6sungen f\u00fcr digitalen Pflanzenbau - smart und einfach\",\"isPartOf\":{\"@id\":\"https:\/\/fieldexpert.de\/#website\"},\"datePublished\":\"2019-10-26T14:46:24+00:00\",\"dateModified\":\"2022-06-29T07:46:54+00:00\",\"breadcrumb\":{\"@id\":\"https:\/\/fieldexpert.de\/index.php\/impressum\/#breadcrumb\"},\"inLanguage\":\"de\",\"potentialAction\":[{\"@type\":\"ReadAction\",\"target\":[\"https:\/\/fieldexpert.de\/index.php\/impressum\/\"]}]},{\"@type\":\"BreadcrumbList\",\"@id\":\"https:\/\/fieldexpert.de\/index.php\/impressum\/#breadcrumb\",\"itemListElement\":[{\"@type\":\"ListItem\",\"position\":1,\"name\":\"Startseite\",\"item\":\"https:\/\/fieldexpert.de\/\"},{\"@type\":\"ListItem\",\"position\":2,\"name\":\"Impressum\"}]},{\"@type\":\"WebSite\",\"@id\":\"https:\/\/fieldexpert.de\/#website\",\"url\":\"https:\/\/fieldexpert.de\/\",\"name\":\"Field-Expert - Webl\u00f6sungen f\u00fcr digitalen Pflanzenbau - smart und einfach\",\"description\":\"\",\"publisher\":{\"@id\":\"https:\/\/fieldexpert.de\/#organization\"},\"potentialAction\":[{\"@type\":\"SearchAction\",\"target\":{\"@type\":\"EntryPoint\",\"urlTemplate\":\"https:\/\/fieldexpert.de\/?s={search_term_string}\"},\"query-input\":\"required name=search_term_string\"}],\"inLanguage\":\"de\"},{\"@type\":\"Organization\",\"@id\":\"https:\/\/fieldexpert.de\/#organization\",\"name\":\"Field-Expert - Webl\u00f6sungen f\u00fcr digitalen Pflanzenbau - smart und einfach\",\"url\":\"https:\/\/fieldexpert.de\/\",\"logo\":{\"@type\":\"ImageObject\",\"inLanguage\":\"de\",\"@id\":\"https:\/\/fieldexpert.de\/#\/schema\/logo\/image\/\",\"url\":\"https:\/\/fieldexpert.de\/wp-content\/uploads\/2019\/10\/cropped-FE6.png\",\"contentUrl\":\"https:\/\/fieldexpert.de\/wp-content\/uploads\/2019\/10\/cropped-FE6.png\",\"width\":961,\"height\":465,\"caption\":\"Field-Expert - Webl\u00f6sungen f\u00fcr digitalen Pflanzenbau - smart und einfach\"},\"image\":{\"@id\":\"https:\/\/fieldexpert.de\/#\/schema\/logo\/image\/\"}}]}<\/script>\n<!-- \/ Yoast SEO plugin. -->","yoast_head_json":{"title":"Impressum - Field-Expert - Webl\u00f6sungen f\u00fcr digitalen Pflanzenbau - smart und einfach","robots":{"index":"index","follow":"follow","max-snippet":"max-snippet:-1","max-image-preview":"max-image-preview:large","max-video-preview":"max-video-preview:-1"},"canonical":"https:\/\/fieldexpert.de\/index.php\/impressum\/","og_locale":"de_DE","og_type":"article","og_title":"Impressum - Field-Expert - Webl\u00f6sungen f\u00fcr digitalen Pflanzenbau - smart und einfach","og_description":"Anschrift Field-Expert GmbH Albert-Einstein-Str. 1 D-49076 Osnabr\u00fcck Kontakt Telefonnummer: +49 541 \u2013 9153 8943 Gesch\u00e4ftsf\u00fchrer und verantwortlich f\u00fcr den Inhalt Daniel Mentrup Dr. Stefan Hinck &nbsp; Disclaimer \u2013 rechtliche Hinweise: Haftungsbeschr\u00e4nkung Die Inhalte des Internetauftritts wurden mit gr\u00f6\u00dftm\u00f6glicher Sorgfalt und nach bestem Gewissen erstellt. Dennoch \u00fcbernimmt der Anbieter dieser Webseite keine Gew\u00e4hr f\u00fcr die Aktualit\u00e4t, &hellip; Impressum Weiterlesen &raquo;","og_url":"https:\/\/fieldexpert.de\/index.php\/impressum\/","og_site_name":"Field-Expert - Webl\u00f6sungen f\u00fcr digitalen Pflanzenbau - smart und einfach","article_modified_time":"2022-06-29T07:46:54+00:00","og_image":[{"url":"http:\/\/field-expert.de\/images\/eMail-Info.png"}],"twitter_card":"summary_large_image","twitter_misc":{"Gesch\u00e4tzte Lesezeit":"3\u00a0Minuten"},"schema":{"@context":"https:\/\/schema.org","@graph":[{"@type":"WebPage","@id":"https:\/\/fieldexpert.de\/index.php\/impressum\/","url":"https:\/\/fieldexpert.de\/index.php\/impressum\/","name":"Impressum - Field-Expert - Webl\u00f6sungen f\u00fcr digitalen Pflanzenbau - smart und einfach","isPartOf":{"@id":"https:\/\/fieldexpert.de\/#website"},"datePublished":"2019-10-26T14:46:24+00:00","dateModified":"2022-06-29T07:46:54+00:00","breadcrumb":{"@id":"https:\/\/fieldexpert.de\/index.php\/impressum\/#breadcrumb"},"inLanguage":"de","potentialAction":[{"@type":"ReadAction","target":["https:\/\/fieldexpert.de\/index.php\/impressum\/"]}]},{"@type":"BreadcrumbList","@id":"https:\/\/fieldexpert.de\/index.php\/impressum\/#breadcrumb","itemListElement":[{"@type":"ListItem","position":1,"name":"Startseite","item":"https:\/\/fieldexpert.de\/"},{"@type":"ListItem","position":2,"name":"Impressum"}]},{"@type":"WebSite","@id":"https:\/\/fieldexpert.de\/#website","url":"https:\/\/fieldexpert.de\/","name":"Field-Expert - Webl\u00f6sungen f\u00fcr digitalen Pflanzenbau - smart und einfach","description":"","publisher":{"@id":"https:\/\/fieldexpert.de\/#organization"},"potentialAction":[{"@type":"SearchAction","target":{"@type":"EntryPoint","urlTemplate":"https:\/\/fieldexpert.de\/?s={search_term_string}"},"query-input":"required name=search_term_string"}],"inLanguage":"de"},{"@type":"Organization","@id":"https:\/\/fieldexpert.de\/#organization","name":"Field-Expert - Webl\u00f6sungen f\u00fcr digitalen Pflanzenbau - smart und einfach","url":"https:\/\/fieldexpert.de\/","logo":{"@type":"ImageObject","inLanguage":"de","@id":"https:\/\/fieldexpert.de\/#\/schema\/logo\/image\/","url":"https:\/\/fieldexpert.de\/wp-content\/uploads\/2019\/10\/cropped-FE6.png","contentUrl":"https:\/\/fieldexpert.de\/wp-content\/uploads\/2019\/10\/cropped-FE6.png","width":961,"height":465,"caption":"Field-Expert - Webl\u00f6sungen f\u00fcr digitalen Pflanzenbau - smart und einfach"},"image":{"@id":"https:\/\/fieldexpert.de\/#\/schema\/logo\/image\/"}}]}},"_links":{"self":[{"href":"https:\/\/fieldexpert.de\/index.php\/wp-json\/wp\/v2\/pages\/27"}],"collection":[{"href":"https:\/\/fieldexpert.de\/index.php\/wp-json\/wp\/v2\/pages"}],"about":[{"href":"https:\/\/fieldexpert.de\/index.php\/wp-json\/wp\/v2\/types\/page"}],"author":[{"embeddable":true,"href":"https:\/\/fieldexpert.de\/index.php\/wp-json\/wp\/v2\/users\/1"}],"replies":[{"embeddable":true,"href":"https:\/\/fieldexpert.de\/index.php\/wp-json\/wp\/v2\/comments?post=27"}],"version-history":[{"count":3,"href":"https:\/\/fieldexpert.de\/index.php\/wp-json\/wp\/v2\/pages\/27\/revisions"}],"predecessor-version":[{"id":109,"href":"https:\/\/fieldexpert.de\/index.php\/wp-json\/wp\/v2\/pages\/27\/revisions\/109"}],"wp:attachment":[{"href":"https:\/\/fieldexpert.de\/index.php\/wp-json\/wp\/v2\/media?parent=27"}],"curies":[{"name":"wp","href":"https:\/\/api.w.org\/{rel}","templated":true}]}}