{"id":21,"date":"2019-10-26T16:43:28","date_gmt":"2019-10-26T14:43:28","guid":{"rendered":"http:\/\/validiot.de\/?page_id=21"},"modified":"2022-11-01T15:11:04","modified_gmt":"2022-11-01T14:11:04","slug":"produkte","status":"publish","type":"page","link":"https:\/\/fieldexpert.de\/index.php\/produkte\/","title":{"rendered":"Produkte"},"content":{"rendered":"\n\n\t<a href=\"#gpsbasicsystem\">GPS Basic<br \/>\nSystem<\/a>\n\t<p>Webbasierte Bodenbeprobungsplan-Erstellung (BBP-Plan)<\/p>\n\t<a href=\"#kalkungsmodul\">Webbasiertes<br \/>\nKalkungsmodul<\/a>\n\t<a href=\"#giswerkzeuge\">Webbasierte<br \/>\nGIS-Werkzeuge<\/a>\n\t<p><img decoding=\"async\" loading=\"lazy\" src=\"http:\/\/fieldexpert.de\/wp-content\/uploads\/2019\/11\/BASIC2.png\" alt=\"\" width=\"286\" height=\"297\" \/><\/p>\n\t<p><strong>GPS-Basic System<\/strong><\/p>\n<p>Gemeinschaftsentwicklung von Bodenprobetechnik Nietfeld GmbH und Field-Expert GmbH f\u00fcr eine GPS-gest\u00fctzte Bodenbeprobung f\u00fcr die Dokumentation der Beprobung und visuelle Navigation sowohl zum Acker als auch auf dem Acker sowie einfaches Auftragsmanagement w\u00e4hrend der Beprobung.Dokumentiert wird die Beprobungslinie mit Einstichort f\u00fcr jede Fl\u00e4che bzw. Teilfl\u00e4che mit Datum als .pdf-Dokument und als .shp-Dateien. Dokumentierte Beprobungslinie und Einstichorte stehen f\u00fcr sp\u00e4tere Beprobung zur Verf\u00fcgung. Bei Nietfeld-Ger\u00e4ten erfolgt die Aufzeichnung der Beprobungslinie und Einstichort mit Ausl\u00f6sen des Entnahmevorgangs. Bei anderen Fabrikaten steht die Option eines Handschalters zur Verf\u00fcgung.<\/p>\n\t<p><strong>Webbasierte Bodenbeprobungsplan-Erstellung (BBP-Portal)<\/strong><\/p>\n<p>Mit dem web-basierten BBP-Portal ist es m\u00f6glich die vorliegenden Fl\u00e4chengrenzen aus den \u201eAntragsdaten&#8220; f\u00fcr die GPS-gest\u00fctzte Boden\u00adbeprobung mit dem GPS-Basic System zu nutzen. Weiter besteht die Option vorliegende Teilfl\u00e4chen\u00adabgrenzungen, Beprobungslinien oder Entnahmeorte (Einstichorte) einzeln oder in Kombination zu den Fl\u00e4chengrenzen hinzu zuf\u00fcgen.<\/p>\n\t<p><img decoding=\"async\" loading=\"lazy\" src=\"http:\/\/validiot.de\/wp-content\/uploads\/2019\/11\/BBP-1024x663.png\" alt=\"\" width=\"1024\" height=\"663\" \/><\/p>\n\t<p><img decoding=\"async\" loading=\"lazy\" src=\"http:\/\/validiot.de\/wp-content\/uploads\/2019\/11\/kalkung-1024x641.png\" alt=\"\" width=\"1024\" height=\"641\" \/><\/p>\n\t<p><strong>Webbasiertes Kalkungsmodul<\/strong><\/p>\n<p>Generiert telfl\u00e4chenspezifische Kalkungskarten nach VDLUFA-Empfehlung, ben\u00f6tigt werden Informationen zu Bodenart, aktuellem pH-Wert, Humusgehalt, Landnutzung (Acker- oder Gr\u00fcnlandnutzung) und karbonathaltigem Ausgangsgestein. Es wird eine Applikationskarte im .shp-Format generiert und eine umfassende Dokumentation als .pdf-Datei und .shp-Datei.<\/p>\n\t<p><strong>Webbasierte GIS-Werkzeuge<\/strong><\/p>\n<p>Beispiel: Polygonverifizierung mit Korrektur<\/p>\n<p>Es wird die r\u00e4umliche Lage von vorliegenden Polygonen \u00fcberpr\u00fcft. Im 1. Schritt werden bei erkannten, bestehenden Fehlern die fehlerhaften Polygonen mit Fehlerbeschreibung (z.B. \u00dcberlappung von zwei oder mehreren Polygonen) angezeigt. Im 2. Schritt k\u00f6nnen die fehlerhaften Polygone korrigiert werden.<\/p>\n\t<p>&nbsp;<\/p>\n<p><img decoding=\"async\" loading=\"lazy\" src=\"http:\/\/validiot.de\/wp-content\/uploads\/2019\/11\/webgis-300x142.png\" alt=\"\" width=\"300\" height=\"142\" \/><\/p>\n\n","protected":false},"excerpt":{"rendered":"<p>GPS Basic System Webbasierte Bodenbeprobungsplan-Erstellung (BBP-Plan) Webbasiertes Kalkungsmodul Webbasierte GIS-Werkzeuge GPS-Basic System Gemeinschaftsentwicklung von Bodenprobetechnik Nietfeld GmbH und Field-Expert GmbH f\u00fcr eine GPS-gest\u00fctzte Bodenbeprobung f\u00fcr die Dokumentation der Beprobung und visuelle Navigation sowohl zum Acker als auch auf dem Acker sowie einfaches Auftragsmanagement w\u00e4hrend der Beprobung.Dokumentiert wird die Beprobungslinie mit Einstichort f\u00fcr jede Fl\u00e4che bzw. &hellip;<\/p>\n<p class=\"read-more\"> <a class=\"\" href=\"https:\/\/fieldexpert.de\/index.php\/produkte\/\"> <span class=\"screen-reader-text\">Produkte<\/span> Weiterlesen &raquo;<\/a><\/p>\n","protected":false},"author":1,"featured_media":0,"parent":0,"menu_order":0,"comment_status":"closed","ping_status":"closed","template":"","meta":{"site-sidebar-layout":"default","site-content-layout":"default","ast-global-header-display":"","ast-main-header-display":"","ast-hfb-above-header-display":"","ast-hfb-below-header-display":"","ast-hfb-mobile-header-display":"","site-post-title":"","ast-breadcrumbs-content":"","ast-featured-img":"","footer-sml-layout":"","theme-transparent-header-meta":"default","adv-header-id-meta":"","stick-header-meta":"","header-above-stick-meta":"","header-main-stick-meta":"","header-below-stick-meta":""},"yoast_head":"<!-- This site is optimized with the Yoast SEO plugin v19.9 - https:\/\/yoast.com\/wordpress\/plugins\/seo\/ -->\n<title>Produkte - Field-Expert - Webl\u00f6sungen f\u00fcr digitalen Pflanzenbau - smart und einfach<\/title>\n<meta name=\"robots\" content=\"index, follow, max-snippet:-1, max-image-preview:large, max-video-preview:-1\" \/>\n<link rel=\"canonical\" href=\"https:\/\/fieldexpert.de\/index.php\/produkte\/\" \/>\n<meta property=\"og:locale\" content=\"de_DE\" \/>\n<meta property=\"og:type\" content=\"article\" \/>\n<meta property=\"og:title\" content=\"Produkte - Field-Expert - Webl\u00f6sungen f\u00fcr digitalen Pflanzenbau - smart und einfach\" \/>\n<meta property=\"og:description\" content=\"GPS Basic System Webbasierte Bodenbeprobungsplan-Erstellung (BBP-Plan) Webbasiertes Kalkungsmodul Webbasierte GIS-Werkzeuge GPS-Basic System Gemeinschaftsentwicklung von Bodenprobetechnik Nietfeld GmbH und Field-Expert GmbH f\u00fcr eine GPS-gest\u00fctzte Bodenbeprobung f\u00fcr die Dokumentation der Beprobung und visuelle Navigation sowohl zum Acker als auch auf dem Acker sowie einfaches Auftragsmanagement w\u00e4hrend der Beprobung.Dokumentiert wird die Beprobungslinie mit Einstichort f\u00fcr jede Fl\u00e4che bzw. &hellip; Produkte Weiterlesen &raquo;\" \/>\n<meta property=\"og:url\" content=\"https:\/\/fieldexpert.de\/index.php\/produkte\/\" \/>\n<meta property=\"og:site_name\" content=\"Field-Expert - Webl\u00f6sungen f\u00fcr digitalen Pflanzenbau - smart und einfach\" \/>\n<meta property=\"article:modified_time\" content=\"2022-11-01T14:11:04+00:00\" \/>\n<meta property=\"og:image\" content=\"http:\/\/fieldexpert.de\/wp-content\/uploads\/2019\/11\/BASIC2.png\" \/>\n<meta name=\"twitter:card\" content=\"summary_large_image\" \/>\n<meta name=\"twitter:label1\" content=\"Gesch\u00e4tzte Lesezeit\" \/>\n\t<meta name=\"twitter:data1\" content=\"1\u00a0Minute\" \/>\n<script type=\"application\/ld+json\" class=\"yoast-schema-graph\">{\"@context\":\"https:\/\/schema.org\",\"@graph\":[{\"@type\":\"WebPage\",\"@id\":\"https:\/\/fieldexpert.de\/index.php\/produkte\/\",\"url\":\"https:\/\/fieldexpert.de\/index.php\/produkte\/\",\"name\":\"Produkte - Field-Expert - Webl\u00f6sungen f\u00fcr digitalen Pflanzenbau - smart und einfach\",\"isPartOf\":{\"@id\":\"https:\/\/fieldexpert.de\/#website\"},\"datePublished\":\"2019-10-26T14:43:28+00:00\",\"dateModified\":\"2022-11-01T14:11:04+00:00\",\"breadcrumb\":{\"@id\":\"https:\/\/fieldexpert.de\/index.php\/produkte\/#breadcrumb\"},\"inLanguage\":\"de\",\"potentialAction\":[{\"@type\":\"ReadAction\",\"target\":[\"https:\/\/fieldexpert.de\/index.php\/produkte\/\"]}]},{\"@type\":\"BreadcrumbList\",\"@id\":\"https:\/\/fieldexpert.de\/index.php\/produkte\/#breadcrumb\",\"itemListElement\":[{\"@type\":\"ListItem\",\"position\":1,\"name\":\"Startseite\",\"item\":\"https:\/\/fieldexpert.de\/\"},{\"@type\":\"ListItem\",\"position\":2,\"name\":\"Produkte\"}]},{\"@type\":\"WebSite\",\"@id\":\"https:\/\/fieldexpert.de\/#website\",\"url\":\"https:\/\/fieldexpert.de\/\",\"name\":\"Field-Expert - Webl\u00f6sungen f\u00fcr digitalen Pflanzenbau - smart und einfach\",\"description\":\"\",\"publisher\":{\"@id\":\"https:\/\/fieldexpert.de\/#organization\"},\"potentialAction\":[{\"@type\":\"SearchAction\",\"target\":{\"@type\":\"EntryPoint\",\"urlTemplate\":\"https:\/\/fieldexpert.de\/?s={search_term_string}\"},\"query-input\":\"required name=search_term_string\"}],\"inLanguage\":\"de\"},{\"@type\":\"Organization\",\"@id\":\"https:\/\/fieldexpert.de\/#organization\",\"name\":\"Field-Expert - Webl\u00f6sungen f\u00fcr digitalen Pflanzenbau - smart und einfach\",\"url\":\"https:\/\/fieldexpert.de\/\",\"logo\":{\"@type\":\"ImageObject\",\"inLanguage\":\"de\",\"@id\":\"https:\/\/fieldexpert.de\/#\/schema\/logo\/image\/\",\"url\":\"https:\/\/fieldexpert.de\/wp-content\/uploads\/2019\/10\/cropped-FE6.png\",\"contentUrl\":\"https:\/\/fieldexpert.de\/wp-content\/uploads\/2019\/10\/cropped-FE6.png\",\"width\":961,\"height\":465,\"caption\":\"Field-Expert - Webl\u00f6sungen f\u00fcr digitalen Pflanzenbau - smart und einfach\"},\"image\":{\"@id\":\"https:\/\/fieldexpert.de\/#\/schema\/logo\/image\/\"}}]}<\/script>\n<!-- \/ Yoast SEO plugin. -->","yoast_head_json":{"title":"Produkte - Field-Expert - Webl\u00f6sungen f\u00fcr digitalen Pflanzenbau - smart und einfach","robots":{"index":"index","follow":"follow","max-snippet":"max-snippet:-1","max-image-preview":"max-image-preview:large","max-video-preview":"max-video-preview:-1"},"canonical":"https:\/\/fieldexpert.de\/index.php\/produkte\/","og_locale":"de_DE","og_type":"article","og_title":"Produkte - Field-Expert - Webl\u00f6sungen f\u00fcr digitalen Pflanzenbau - smart und einfach","og_description":"GPS Basic System Webbasierte Bodenbeprobungsplan-Erstellung (BBP-Plan) Webbasiertes Kalkungsmodul Webbasierte GIS-Werkzeuge GPS-Basic System Gemeinschaftsentwicklung von Bodenprobetechnik Nietfeld GmbH und Field-Expert GmbH f\u00fcr eine GPS-gest\u00fctzte Bodenbeprobung f\u00fcr die Dokumentation der Beprobung und visuelle Navigation sowohl zum Acker als auch auf dem Acker sowie einfaches Auftragsmanagement w\u00e4hrend der Beprobung.Dokumentiert wird die Beprobungslinie mit Einstichort f\u00fcr jede Fl\u00e4che bzw. &hellip; Produkte Weiterlesen &raquo;","og_url":"https:\/\/fieldexpert.de\/index.php\/produkte\/","og_site_name":"Field-Expert - Webl\u00f6sungen f\u00fcr digitalen Pflanzenbau - smart und einfach","article_modified_time":"2022-11-01T14:11:04+00:00","og_image":[{"url":"http:\/\/fieldexpert.de\/wp-content\/uploads\/2019\/11\/BASIC2.png"}],"twitter_card":"summary_large_image","twitter_misc":{"Gesch\u00e4tzte Lesezeit":"1\u00a0Minute"},"schema":{"@context":"https:\/\/schema.org","@graph":[{"@type":"WebPage","@id":"https:\/\/fieldexpert.de\/index.php\/produkte\/","url":"https:\/\/fieldexpert.de\/index.php\/produkte\/","name":"Produkte - Field-Expert - Webl\u00f6sungen f\u00fcr digitalen Pflanzenbau - smart und einfach","isPartOf":{"@id":"https:\/\/fieldexpert.de\/#website"},"datePublished":"2019-10-26T14:43:28+00:00","dateModified":"2022-11-01T14:11:04+00:00","breadcrumb":{"@id":"https:\/\/fieldexpert.de\/index.php\/produkte\/#breadcrumb"},"inLanguage":"de","potentialAction":[{"@type":"ReadAction","target":["https:\/\/fieldexpert.de\/index.php\/produkte\/"]}]},{"@type":"BreadcrumbList","@id":"https:\/\/fieldexpert.de\/index.php\/produkte\/#breadcrumb","itemListElement":[{"@type":"ListItem","position":1,"name":"Startseite","item":"https:\/\/fieldexpert.de\/"},{"@type":"ListItem","position":2,"name":"Produkte"}]},{"@type":"WebSite","@id":"https:\/\/fieldexpert.de\/#website","url":"https:\/\/fieldexpert.de\/","name":"Field-Expert - Webl\u00f6sungen f\u00fcr digitalen Pflanzenbau - smart und einfach","description":"","publisher":{"@id":"https:\/\/fieldexpert.de\/#organization"},"potentialAction":[{"@type":"SearchAction","target":{"@type":"EntryPoint","urlTemplate":"https:\/\/fieldexpert.de\/?s={search_term_string}"},"query-input":"required name=search_term_string"}],"inLanguage":"de"},{"@type":"Organization","@id":"https:\/\/fieldexpert.de\/#organization","name":"Field-Expert - Webl\u00f6sungen f\u00fcr digitalen Pflanzenbau - smart und einfach","url":"https:\/\/fieldexpert.de\/","logo":{"@type":"ImageObject","inLanguage":"de","@id":"https:\/\/fieldexpert.de\/#\/schema\/logo\/image\/","url":"https:\/\/fieldexpert.de\/wp-content\/uploads\/2019\/10\/cropped-FE6.png","contentUrl":"https:\/\/fieldexpert.de\/wp-content\/uploads\/2019\/10\/cropped-FE6.png","width":961,"height":465,"caption":"Field-Expert - Webl\u00f6sungen f\u00fcr digitalen Pflanzenbau - smart und einfach"},"image":{"@id":"https:\/\/fieldexpert.de\/#\/schema\/logo\/image\/"}}]}},"_links":{"self":[{"href":"https:\/\/fieldexpert.de\/index.php\/wp-json\/wp\/v2\/pages\/21"}],"collection":[{"href":"https:\/\/fieldexpert.de\/index.php\/wp-json\/wp\/v2\/pages"}],"about":[{"href":"https:\/\/fieldexpert.de\/index.php\/wp-json\/wp\/v2\/types\/page"}],"author":[{"embeddable":true,"href":"https:\/\/fieldexpert.de\/index.php\/wp-json\/wp\/v2\/users\/1"}],"replies":[{"embeddable":true,"href":"https:\/\/fieldexpert.de\/index.php\/wp-json\/wp\/v2\/comments?post=21"}],"version-history":[{"count":17,"href":"https:\/\/fieldexpert.de\/index.php\/wp-json\/wp\/v2\/pages\/21\/revisions"}],"predecessor-version":[{"id":116,"href":"https:\/\/fieldexpert.de\/index.php\/wp-json\/wp\/v2\/pages\/21\/revisions\/116"}],"wp:attachment":[{"href":"https:\/\/fieldexpert.de\/index.php\/wp-json\/wp\/v2\/media?parent=21"}],"curies":[{"name":"wp","href":"https:\/\/api.w.org\/{rel}","templated":true}]}}