{"id":2,"date":"2019-10-26T15:36:00","date_gmt":"2019-10-26T13:36:00","guid":{"rendered":"http:\/\/validiot.de\/?page_id=2"},"modified":"2022-11-01T14:08:25","modified_gmt":"2022-11-01T13:08:25","slug":"home","status":"publish","type":"page","link":"https:\/\/fieldexpert.de\/","title":{"rendered":"Field-Expert &#8211; Ihr Feld \u2013 unsere Expertise"},"content":{"rendered":"\n\n\t<p>Wir bei Field-Expert haben uns zum Ziel gesetzt den Pflanzenbau smart und digital auf Teilfl\u00e4chenbasis zu optimieren. Field-Expert GmbH bietet Lo\u0308sungen und Konzepte fu\u0308r eine Optimierung von Prozessen in der Agrarwirtschaft und Landtechnik.Landwirte und Landtechnik nutzen durch unsere Produkte die Mo\u0308glichkeiten einer sich a\u0308ndernden Landwirtschaft erfolgreich, einfach und zuverla\u0308ssig.<\/p>\n\t\t\t\t<img decoding=\"async\" loading=\"lazy\" src=\"https:\/\/fieldexpert.de\/wp-content\/uploads\/2019\/10\/FE6.png\" alt=\"FE6\" itemprop=\"image\" height=\"467\" width=\"961\" title=\"FE6\" onerror=\"this.style.display='none'\"  \/>\n\t<h3>Einfach und Digital.<\/h3>\n\t<h3>Willkommen im digitalen Precision Farming.<\/h3>\n\t<h3>Willkommen bei uns.<\/h3>\n\t<h2>Die Zukunft gestalten &#8211; drei Kompetenzen vereinen.<\/h2>\n\t\t\t\t<a href=\"https:\/\/iotec-gmbh.de\/\" target=\"_blank\" rel=\"noopener\" itemprop=\"url\">\n\t\t\t\t<img decoding=\"async\" loading=\"lazy\" src=\"https:\/\/fieldexpert.de\/wp-content\/uploads\/2019\/10\/iotec.png\" alt=\"iotec\" itemprop=\"image\" height=\"231\" width=\"449\" title=\"iotec\" onerror=\"this.style.display='none'\"  \/>\n\t\t\t\t<\/a>\n\t\t\t\t<a href=\"https:\/\/www.farmsystem.de\/\" target=\"_blank\" rel=\"noopener\" itemprop=\"url\">\n\t\t\t\t<img decoding=\"async\" loading=\"lazy\" src=\"https:\/\/fieldexpert.de\/wp-content\/uploads\/2019\/11\/FARMsystem-Logo_300x150_Copyright_R.png\" alt=\"FARMsystem-Logo_300x150_Copyright_R\" itemprop=\"image\" height=\"152\" width=\"770\" title=\"FARMsystem-Logo_300x150_Copyright_R\" onerror=\"this.style.display='none'\"  \/>\n\t\t\t\t<\/a>\n\t\t\t\t<img decoding=\"async\" src=\"http:\/\/validiot.de\/wp-content\/uploads\/2019\/11\/LogoV1-01.png\" alt=\"DK-media\" itemprop=\"image\" title=\"DK-media\" onerror=\"this.style.display='none'\"  \/>\n\t<h3>Die Field-Expert GmbH b\u00fcndelt die Kompetenzen f\u00fcr webbasierte GIS-Anwendungen sowie Konzeptentwicklungen f\u00fcr die Landtechnik und Agrarwirtschaft. Drei Firmen mit den folgenden Fachbereichen stellen den optimierten Pflanzenbau in den Fokus.<\/h3>\n\t<h3>Entwicklungs- und Fertigungsdienstleister im Bereich der Sensorik sowie Soft- und Hardware.<\/h3>\n\t\t\t\t<img decoding=\"async\" src=\"http:\/\/validiot.de\/wp-content\/uploads\/2019\/10\/iotec-300x154.png\" alt=\"iotec\" itemprop=\"image\" title=\"iotec\" onerror=\"this.style.display='none'\"  \/>\n\t\t\t\t<img decoding=\"async\" src=\"http:\/\/validiot.de\/wp-content\/uploads\/2019\/11\/FARMsystem-Logo_300x150_Copyright_R.png\" alt=\"FARMsystem-Logo_300x150_Copyright_R\" itemprop=\"image\" title=\"FARMsystem-Logo_300x150_Copyright_R\" onerror=\"this.style.display='none'\"  \/>\n<h3>Dienstleister und Analyst f\u00fcr wissenbasierte Lo\u0308sungen zu Presicion Farming, Pflanzenbau und Boden.<\/h3>\n\t<h3>Experten f\u00fcr Geodatenverarbeitung zur Anwendung im Precision Farming und webbasierter L\u00f6sungen.<\/h3>\n\t\t\t\t<img decoding=\"async\" src=\"http:\/\/validiot.de\/wp-content\/uploads\/2019\/11\/LogoV1-01.png\" alt=\"DK-media\" itemprop=\"image\" title=\"DK-media\" onerror=\"this.style.display='none'\"  \/>\n\t<h4>PRODUKTE UND WEB-BASIERTE ANWENDUNGEN<\/h4>\n\t<h4><a href=\"https:\/\/fieldexpert.de\/index.php\/produkte\/\">GPS gest\u00fctzte Bodenprobenentnahme:<\/a><\/h4>\n<h4>GPS-Basic System<\/h4>\n\t<h4><a href=\"https:\/\/fieldexpert.de\/index.php\/produkte\/\" target=\"_blank\" rel=\"noopener\">Planung von Bodenprobenentnahmen:<\/a><\/h4>\n<h4><a href=\"https:\/\/fieldexpert.de\/index.php\/produkte\/\">Webbasierte Bodenbeprobungsplan-Erstellung (BBP-Programm)<\/a><\/h4>\n\t<h4><a href=\"https:\/\/fieldexpert.de\/index.php\/produkte\/\" target=\"_blank\" rel=\"noopener\">Streukartenberechnung f\u00fcr Kalkausbringung nach LUFA:<\/a><\/h4>\n<h4><a href=\"https:\/\/fieldexpert.de\/index.php\/produkte\/\">Webbasiertes Kalkungsmodul<\/a><\/h4>\n\t<h4><a href=\"https:\/\/fieldexpert.de\/index.php\/produkte\/\" target=\"_blank\" rel=\"noopener\">Automatisierte Aufbereitung von GIS-Daten:<\/a><\/h4>\n<h4><a href=\"https:\/\/fieldexpert.de\/index.php\/produkte\/\">Webbasiertes GIS-Werkzeug<\/a><\/h4>\n\t<h2>DIGITALES PRECISION FARMING &#8211; DER NEUE STANDARD F\u00dcR IHR FELD<\/h2>\n\t<p>IHR KONTAKT:<\/p>\n<p>Dr. Stefan Hinck<\/p>\n<p>Tel: +49 541 &#8211; 9153 8943<\/p>\n<p><a href=\"mailto:info@field-expert.de\">info@field-expert.de<\/a><\/p>\n\n","protected":false},"excerpt":{"rendered":"<p>Wir bei Field-Expert haben uns zum Ziel gesetzt den Pflanzenbau smart und digital auf Teilfl\u00e4chenbasis zu optimieren. Field-Expert GmbH bietet Lo\u0308sungen und Konzepte fu\u0308r eine Optimierung von Prozessen in der Agrarwirtschaft und Landtechnik.Landwirte und Landtechnik nutzen durch unsere Produkte die Mo\u0308glichkeiten einer sich a\u0308ndernden Landwirtschaft erfolgreich, einfach und zuverla\u0308ssig. Einfach und Digital. Willkommen im digitalen &hellip;<\/p>\n<p class=\"read-more\"> <a class=\"\" href=\"https:\/\/fieldexpert.de\/\"> <span class=\"screen-reader-text\">Field-Expert &#8211; Ihr Feld \u2013 unsere Expertise<\/span> Weiterlesen &raquo;<\/a><\/p>\n","protected":false},"author":1,"featured_media":0,"parent":0,"menu_order":0,"comment_status":"closed","ping_status":"open","template":"","meta":{"site-sidebar-layout":"default","site-content-layout":"default","ast-global-header-display":"","ast-main-header-display":"","ast-hfb-above-header-display":"","ast-hfb-below-header-display":"","ast-hfb-mobile-header-display":"","site-post-title":"","ast-breadcrumbs-content":"","ast-featured-img":"","footer-sml-layout":"","theme-transparent-header-meta":"default","adv-header-id-meta":"","stick-header-meta":"","header-above-stick-meta":"","header-main-stick-meta":"","header-below-stick-meta":""},"yoast_head":"<!-- This site is optimized with the Yoast SEO plugin v19.9 - https:\/\/yoast.com\/wordpress\/plugins\/seo\/ -->\n<title>Field-Expert - Ihr Feld \u2013 unsere Expertise - Field-Expert - Webl\u00f6sungen f\u00fcr digitalen Pflanzenbau - smart und einfach<\/title>\n<meta name=\"description\" content=\"Field-Expert - Webl\u00f6sungen f\u00fcr digitalen Pflanzenbau - smart und einfach\" \/>\n<meta name=\"robots\" content=\"index, follow, max-snippet:-1, max-image-preview:large, max-video-preview:-1\" \/>\n<link rel=\"canonical\" href=\"https:\/\/fieldexpert.de\/\" \/>\n<meta property=\"og:locale\" content=\"de_DE\" \/>\n<meta property=\"og:type\" content=\"article\" \/>\n<meta property=\"og:title\" content=\"Field-Expert - Ihr Feld \u2013 unsere Expertise - Field-Expert - Webl\u00f6sungen f\u00fcr digitalen Pflanzenbau - smart und einfach\" \/>\n<meta property=\"og:description\" content=\"Field-Expert - Webl\u00f6sungen f\u00fcr digitalen Pflanzenbau - smart und einfach\" \/>\n<meta property=\"og:url\" content=\"https:\/\/fieldexpert.de\/\" \/>\n<meta property=\"og:site_name\" content=\"Field-Expert - Webl\u00f6sungen f\u00fcr digitalen Pflanzenbau - smart und einfach\" \/>\n<meta property=\"article:modified_time\" content=\"2022-11-01T13:08:25+00:00\" \/>\n<meta property=\"og:image\" content=\"https:\/\/fieldexpert.de\/wp-content\/uploads\/2019\/10\/FE6.png\" \/>\n<meta name=\"twitter:card\" content=\"summary_large_image\" \/>\n<meta name=\"twitter:label1\" content=\"Gesch\u00e4tzte Lesezeit\" \/>\n\t<meta name=\"twitter:data1\" content=\"3\u00a0Minuten\" \/>\n<script type=\"application\/ld+json\" class=\"yoast-schema-graph\">{\"@context\":\"https:\/\/schema.org\",\"@graph\":[{\"@type\":\"WebPage\",\"@id\":\"https:\/\/fieldexpert.de\/\",\"url\":\"https:\/\/fieldexpert.de\/\",\"name\":\"Field-Expert - Ihr Feld \u2013 unsere Expertise - Field-Expert - Webl\u00f6sungen f\u00fcr digitalen Pflanzenbau - smart und einfach\",\"isPartOf\":{\"@id\":\"https:\/\/fieldexpert.de\/#website\"},\"datePublished\":\"2019-10-26T13:36:00+00:00\",\"dateModified\":\"2022-11-01T13:08:25+00:00\",\"description\":\"Field-Expert - Webl\u00f6sungen f\u00fcr digitalen Pflanzenbau - smart und einfach\",\"breadcrumb\":{\"@id\":\"https:\/\/fieldexpert.de\/#breadcrumb\"},\"inLanguage\":\"de\",\"potentialAction\":[{\"@type\":\"ReadAction\",\"target\":[\"https:\/\/fieldexpert.de\/\"]}]},{\"@type\":\"BreadcrumbList\",\"@id\":\"https:\/\/fieldexpert.de\/#breadcrumb\",\"itemListElement\":[{\"@type\":\"ListItem\",\"position\":1,\"name\":\"Startseite\",\"item\":\"https:\/\/fieldexpert.de\/\"},{\"@type\":\"ListItem\",\"position\":2,\"name\":\"Field-Expert &#8211; Ihr Feld \u2013 unsere Expertise\"}]},{\"@type\":\"WebSite\",\"@id\":\"https:\/\/fieldexpert.de\/#website\",\"url\":\"https:\/\/fieldexpert.de\/\",\"name\":\"Field-Expert - Webl\u00f6sungen f\u00fcr digitalen Pflanzenbau - smart und einfach\",\"description\":\"\",\"publisher\":{\"@id\":\"https:\/\/fieldexpert.de\/#organization\"},\"potentialAction\":[{\"@type\":\"SearchAction\",\"target\":{\"@type\":\"EntryPoint\",\"urlTemplate\":\"https:\/\/fieldexpert.de\/?s={search_term_string}\"},\"query-input\":\"required name=search_term_string\"}],\"inLanguage\":\"de\"},{\"@type\":\"Organization\",\"@id\":\"https:\/\/fieldexpert.de\/#organization\",\"name\":\"Field-Expert - Webl\u00f6sungen f\u00fcr digitalen Pflanzenbau - smart und einfach\",\"url\":\"https:\/\/fieldexpert.de\/\",\"logo\":{\"@type\":\"ImageObject\",\"inLanguage\":\"de\",\"@id\":\"https:\/\/fieldexpert.de\/#\/schema\/logo\/image\/\",\"url\":\"https:\/\/fieldexpert.de\/wp-content\/uploads\/2019\/10\/cropped-FE6.png\",\"contentUrl\":\"https:\/\/fieldexpert.de\/wp-content\/uploads\/2019\/10\/cropped-FE6.png\",\"width\":961,\"height\":465,\"caption\":\"Field-Expert - Webl\u00f6sungen f\u00fcr digitalen Pflanzenbau - smart und einfach\"},\"image\":{\"@id\":\"https:\/\/fieldexpert.de\/#\/schema\/logo\/image\/\"}}]}<\/script>\n<!-- \/ Yoast SEO plugin. -->","yoast_head_json":{"title":"Field-Expert - Ihr Feld \u2013 unsere Expertise - Field-Expert - Webl\u00f6sungen f\u00fcr digitalen Pflanzenbau - smart und einfach","description":"Field-Expert - Webl\u00f6sungen f\u00fcr digitalen Pflanzenbau - smart und einfach","robots":{"index":"index","follow":"follow","max-snippet":"max-snippet:-1","max-image-preview":"max-image-preview:large","max-video-preview":"max-video-preview:-1"},"canonical":"https:\/\/fieldexpert.de\/","og_locale":"de_DE","og_type":"article","og_title":"Field-Expert - Ihr Feld \u2013 unsere Expertise - Field-Expert - Webl\u00f6sungen f\u00fcr digitalen Pflanzenbau - smart und einfach","og_description":"Field-Expert - Webl\u00f6sungen f\u00fcr digitalen Pflanzenbau - smart und einfach","og_url":"https:\/\/fieldexpert.de\/","og_site_name":"Field-Expert - Webl\u00f6sungen f\u00fcr digitalen Pflanzenbau - smart und einfach","article_modified_time":"2022-11-01T13:08:25+00:00","og_image":[{"url":"https:\/\/fieldexpert.de\/wp-content\/uploads\/2019\/10\/FE6.png"}],"twitter_card":"summary_large_image","twitter_misc":{"Gesch\u00e4tzte Lesezeit":"3\u00a0Minuten"},"schema":{"@context":"https:\/\/schema.org","@graph":[{"@type":"WebPage","@id":"https:\/\/fieldexpert.de\/","url":"https:\/\/fieldexpert.de\/","name":"Field-Expert - Ihr Feld \u2013 unsere Expertise - Field-Expert - Webl\u00f6sungen f\u00fcr digitalen Pflanzenbau - smart und einfach","isPartOf":{"@id":"https:\/\/fieldexpert.de\/#website"},"datePublished":"2019-10-26T13:36:00+00:00","dateModified":"2022-11-01T13:08:25+00:00","description":"Field-Expert - Webl\u00f6sungen f\u00fcr digitalen Pflanzenbau - smart und einfach","breadcrumb":{"@id":"https:\/\/fieldexpert.de\/#breadcrumb"},"inLanguage":"de","potentialAction":[{"@type":"ReadAction","target":["https:\/\/fieldexpert.de\/"]}]},{"@type":"BreadcrumbList","@id":"https:\/\/fieldexpert.de\/#breadcrumb","itemListElement":[{"@type":"ListItem","position":1,"name":"Startseite","item":"https:\/\/fieldexpert.de\/"},{"@type":"ListItem","position":2,"name":"Field-Expert &#8211; Ihr Feld \u2013 unsere Expertise"}]},{"@type":"WebSite","@id":"https:\/\/fieldexpert.de\/#website","url":"https:\/\/fieldexpert.de\/","name":"Field-Expert - Webl\u00f6sungen f\u00fcr digitalen Pflanzenbau - smart und einfach","description":"","publisher":{"@id":"https:\/\/fieldexpert.de\/#organization"},"potentialAction":[{"@type":"SearchAction","target":{"@type":"EntryPoint","urlTemplate":"https:\/\/fieldexpert.de\/?s={search_term_string}"},"query-input":"required name=search_term_string"}],"inLanguage":"de"},{"@type":"Organization","@id":"https:\/\/fieldexpert.de\/#organization","name":"Field-Expert - Webl\u00f6sungen f\u00fcr digitalen Pflanzenbau - smart und einfach","url":"https:\/\/fieldexpert.de\/","logo":{"@type":"ImageObject","inLanguage":"de","@id":"https:\/\/fieldexpert.de\/#\/schema\/logo\/image\/","url":"https:\/\/fieldexpert.de\/wp-content\/uploads\/2019\/10\/cropped-FE6.png","contentUrl":"https:\/\/fieldexpert.de\/wp-content\/uploads\/2019\/10\/cropped-FE6.png","width":961,"height":465,"caption":"Field-Expert - Webl\u00f6sungen f\u00fcr digitalen Pflanzenbau - smart und einfach"},"image":{"@id":"https:\/\/fieldexpert.de\/#\/schema\/logo\/image\/"}}]}},"_links":{"self":[{"href":"https:\/\/fieldexpert.de\/index.php\/wp-json\/wp\/v2\/pages\/2"}],"collection":[{"href":"https:\/\/fieldexpert.de\/index.php\/wp-json\/wp\/v2\/pages"}],"about":[{"href":"https:\/\/fieldexpert.de\/index.php\/wp-json\/wp\/v2\/types\/page"}],"author":[{"embeddable":true,"href":"https:\/\/fieldexpert.de\/index.php\/wp-json\/wp\/v2\/users\/1"}],"replies":[{"embeddable":true,"href":"https:\/\/fieldexpert.de\/index.php\/wp-json\/wp\/v2\/comments?post=2"}],"version-history":[{"count":33,"href":"https:\/\/fieldexpert.de\/index.php\/wp-json\/wp\/v2\/pages\/2\/revisions"}],"predecessor-version":[{"id":115,"href":"https:\/\/fieldexpert.de\/index.php\/wp-json\/wp\/v2\/pages\/2\/revisions\/115"}],"wp:attachment":[{"href":"https:\/\/fieldexpert.de\/index.php\/wp-json\/wp\/v2\/media?parent=2"}],"curies":[{"name":"wp","href":"https:\/\/api.w.org\/{rel}","templated":true}]}}